{"id":31,"date":"2025-11-17T14:39:36","date_gmt":"2025-11-17T13:39:36","guid":{"rendered":"https:\/\/www.hotelpp.cz\/?page_id=31"},"modified":"2026-03-29T21:07:11","modified_gmt":"2026-03-29T19:07:11","slug":"superior-triluzkovy-pokoj","status":"publish","type":"page","link":"https:\/\/www.hotelpp.cz\/cs\/pokoje\/superior-triluzkovy-pokoj\/","title":{"rendered":"Superior t\u0159\u00edl\u016f\u017ekov\u00fd pokoj"},"content":{"rendered":"","protected":false},"excerpt":{"rendered":"","protected":false},"author":1,"featured_media":0,"parent":9,"menu_order":0,"comment_status":"closed","ping_status":"closed","template":"","meta":{"footnotes":""},"class_list":["post-31","page","type-page","status-publish","hentry"],"_links":{"self":[{"href":"https:\/\/www.hotelpp.cz\/cs\/wp-json\/wp\/v2\/pages\/31","targetHints":{"allow":["GET"]}}],"collection":[{"href":"https:\/\/www.hotelpp.cz\/cs\/wp-json\/wp\/v2\/pages"}],"about":[{"href":"https:\/\/www.hotelpp.cz\/cs\/wp-json\/wp\/v2\/types\/page"}],"author":[{"embeddable":true,"href":"https:\/\/www.hotelpp.cz\/cs\/wp-json\/wp\/v2\/users\/1"}],"replies":[{"embeddable":true,"href":"https:\/\/www.hotelpp.cz\/cs\/wp-json\/wp\/v2\/comments?post=31"}],"version-history":[{"count":30,"href":"https:\/\/www.hotelpp.cz\/cs\/wp-json\/wp\/v2\/pages\/31\/revisions"}],"predecessor-version":[{"id":1833,"href":"https:\/\/www.hotelpp.cz\/cs\/wp-json\/wp\/v2\/pages\/31\/revisions\/1833"}],"up":[{"embeddable":true,"href":"https:\/\/www.hotelpp.cz\/cs\/wp-json\/wp\/v2\/pages\/9"}],"wp:attachment":[{"href":"https:\/\/www.hotelpp.cz\/cs\/wp-json\/wp\/v2\/media?parent=31"}],"curies":[{"name":"wp","href":"https:\/\/api.w.org\/{rel}","templated":true}]}}