{"id":1578,"date":"2026-03-03T15:32:52","date_gmt":"2026-03-03T14:32:52","guid":{"rendered":"https:\/\/www.hotelpp.cz\/?page_id=1578"},"modified":"2026-03-29T21:09:23","modified_gmt":"2026-03-29T19:09:23","slug":"superior-dvouluzkovy-pokoj-s-manzelskou-posteli","status":"publish","type":"page","link":"https:\/\/www.hotelpp.cz\/cs\/pokoje\/superior-dvouluzkovy-pokoj-s-manzelskou-posteli\/","title":{"rendered":"Superior dvoul\u016f\u017ekov\u00fd pokoj s\u00a0man\u017eelskou postel\u00ed"},"content":{"rendered":"","protected":false},"excerpt":{"rendered":"","protected":false},"author":1,"featured_media":0,"parent":9,"menu_order":0,"comment_status":"closed","ping_status":"closed","template":"","meta":{"footnotes":""},"class_list":["post-1578","page","type-page","status-publish","hentry"],"_links":{"self":[{"href":"https:\/\/www.hotelpp.cz\/cs\/wp-json\/wp\/v2\/pages\/1578","targetHints":{"allow":["GET"]}}],"collection":[{"href":"https:\/\/www.hotelpp.cz\/cs\/wp-json\/wp\/v2\/pages"}],"about":[{"href":"https:\/\/www.hotelpp.cz\/cs\/wp-json\/wp\/v2\/types\/page"}],"author":[{"embeddable":true,"href":"https:\/\/www.hotelpp.cz\/cs\/wp-json\/wp\/v2\/users\/1"}],"replies":[{"embeddable":true,"href":"https:\/\/www.hotelpp.cz\/cs\/wp-json\/wp\/v2\/comments?post=1578"}],"version-history":[{"count":11,"href":"https:\/\/www.hotelpp.cz\/cs\/wp-json\/wp\/v2\/pages\/1578\/revisions"}],"predecessor-version":[{"id":1835,"href":"https:\/\/www.hotelpp.cz\/cs\/wp-json\/wp\/v2\/pages\/1578\/revisions\/1835"}],"up":[{"embeddable":true,"href":"https:\/\/www.hotelpp.cz\/cs\/wp-json\/wp\/v2\/pages\/9"}],"wp:attachment":[{"href":"https:\/\/www.hotelpp.cz\/cs\/wp-json\/wp\/v2\/media?parent=1578"}],"curies":[{"name":"wp","href":"https:\/\/api.w.org\/{rel}","templated":true}]}}